{"id":2089,"date":"2026-05-05T23:23:45","date_gmt":"2026-05-05T23:23:45","guid":{"rendered":"https:\/\/mirelassteakhouse.ca\/?page_id=2089"},"modified":"2026-05-06T00:12:49","modified_gmt":"2026-05-06T00:12:49","slug":"careers","status":"publish","type":"page","link":"https:\/\/mirelassteakhouse.ca\/fr\/careers\/","title":{"rendered":"Carri\u00e8res"},"content":{"rendered":"<div data-elementor-type=\"wp-page\" data-elementor-id=\"2089\" class=\"elementor elementor-2089\">\n\t\t\t\t<div class=\"elementor-element elementor-element-c6c7b53 e-flex e-con-boxed e-con e-parent\" data-id=\"c6c7b53\" data-element_type=\"container\" data-e-type=\"container\" data-settings=\"{&quot;background_background&quot;:&quot;classic&quot;}\">\n\t\t\t\t\t<div class=\"e-con-inner\">\n\t\t<div class=\"elementor-element elementor-element-feeb0e5 e-con-full e-flex e-con e-child\" data-id=\"feeb0e5\" data-element_type=\"container\" data-e-type=\"container\" data-settings=\"{&quot;background_background&quot;:&quot;classic&quot;}\">\n\t\t\t\t<div class=\"elementor-element elementor-element-8e52556 elementor-widget elementor-widget-heading\" data-id=\"8e52556\" data-element_type=\"widget\" data-e-type=\"widget\" data-widget_type=\"heading.default\">\n\t\t\t\t\t<h1 class=\"elementor-heading-title elementor-size-default\">Carri\u00e8res<\/h1>\t\t\t\t<\/div>\n\t\t\t\t<\/div>\n\t\t\t\t\t<\/div>\n\t\t\t\t<\/div>\n\t\t<div class=\"elementor-element elementor-element-1b558a0 e-flex e-con-boxed e-con e-parent\" data-id=\"1b558a0\" data-element_type=\"container\" data-e-type=\"container\">\n\t\t\t\t\t<div class=\"e-con-inner\">\n\t\t<div class=\"elementor-element elementor-element-d29b04c e-con-full e-flex e-con e-child\" data-id=\"d29b04c\" data-element_type=\"container\" data-e-type=\"container\">\n\t\t\t\t<div class=\"elementor-element elementor-element-63c7180 elementor-hidden-tablet elementor-hidden-mobile elementor-widget elementor-widget-image\" data-id=\"63c7180\" data-element_type=\"widget\" data-e-type=\"widget\" data-widget_type=\"image.default\">\n\t\t\t\t\t\t\t\t\t\t\t\t\t\t\t<img fetchpriority=\"high\" decoding=\"async\" width=\"2560\" height=\"1440\" src=\"https:\/\/mirelassteakhouse.ca\/wp-content\/uploads\/8-scaled.jpg\" class=\"attachment-full size-full wp-image-2095\" alt=\"8\" srcset=\"https:\/\/mirelassteakhouse.ca\/wp-content\/uploads\/8-scaled.jpg 2560w, https:\/\/mirelassteakhouse.ca\/wp-content\/uploads\/8-300x169.jpg 300w, https:\/\/mirelassteakhouse.ca\/wp-content\/uploads\/8-1024x576.jpg 1024w, https:\/\/mirelassteakhouse.ca\/wp-content\/uploads\/8-768x432.jpg 768w, https:\/\/mirelassteakhouse.ca\/wp-content\/uploads\/8-1536x864.jpg 1536w, https:\/\/mirelassteakhouse.ca\/wp-content\/uploads\/8-2048x1152.jpg 2048w, https:\/\/mirelassteakhouse.ca\/wp-content\/uploads\/8-18x10.jpg 18w\" sizes=\"(max-width: 2560px) 100vw, 2560px\" title=\"Carri\u00e8res\">\t\t\t\t\t\t\t\t\t\t\t\t\t\t\t<\/div>\n\t\t\t\t<\/div>\n\t\t<div class=\"elementor-element elementor-element-fbfdf06 e-con-full e-flex e-con e-child\" data-id=\"fbfdf06\" data-element_type=\"container\" data-e-type=\"container\">\n\t\t\t\t<div class=\"elementor-element elementor-element-11a5f21 elementor-widget elementor-widget-heading\" data-id=\"11a5f21\" data-element_type=\"widget\" data-e-type=\"widget\" data-widget_type=\"heading.default\">\n\t\t\t\t\t<h6 class=\"elementor-heading-title elementor-size-default\">Joignez-vous au Mirela`s<\/h6>\t\t\t\t<\/div>\n\t\t\t\t<div class=\"elementor-element elementor-element-c75a923 elementor-widget elementor-widget-heading\" data-id=\"c75a923\" data-element_type=\"widget\" data-e-type=\"widget\" data-widget_type=\"heading.default\">\n\t\t\t\t\t<h2 class=\"elementor-heading-title elementor-size-default\">Un environnement dynamique<\/h2>\t\t\t\t<\/div>\n\t\t\t\t<div class=\"elementor-element elementor-element-c52f6d5 elementor-widget elementor-widget-text-editor\" data-id=\"c52f6d5\" data-element_type=\"widget\" data-e-type=\"widget\" data-widget_type=\"text-editor.default\">\n\t\t\t\t\t\t\t\t\t<p>Joignez-vous \u00e0 l\u2019\u00e9quipe de Mirela\u2019s Steakhouse &amp; Cigar Lounge, o\u00f9 une cuisine raffin\u00e9e rencontre une ambiance \u00e9l\u00e9gante et anim\u00e9e. Nous recherchons des personnes passionn\u00e9es, soucieuses du d\u00e9tail, qui sont fi\u00e8res d\u2019offrir une exp\u00e9rience client exceptionnelle. Que ce soit en salle ou en coulisses, chaque r\u00f4le contribue au niveau d\u2019excellence qui nous d\u00e9finit. D\u00e9veloppez vos comp\u00e9tences dans un environnement dynamique qui valorise le professionnalisme, le travail d\u2019\u00e9quipe et un service d\u2019hospitalit\u00e9 de haut niveau.<\/p>\t\t\t\t\t\t\t\t<\/div>\n\t\t\t\t<div class=\"elementor-element elementor-element-29eb11a elementor-align-justify elementor-tablet-align-justify elementor-mobile-align-justify action-button elementor-widget elementor-widget-button\" data-id=\"29eb11a\" data-element_type=\"widget\" data-e-type=\"widget\" data-widget_type=\"button.default\">\n\t\t\t\t\t\t\t\t\t\t<a class=\"elementor-button elementor-button-link elementor-size-sm\" href=\"https:\/\/mirelassteakhouse.ca\/wp-content\/uploads\/Mirelas_jobs_fr.pdf\" target=\"_blank\">\n\t\t\t\t\t\t<span class=\"elementor-button-content-wrapper\">\n\t\t\t\t\t\t\t\t\t<span class=\"elementor-button-text\">Voir nos offres d'emploi<\/span>\n\t\t\t\t\t<\/span>\n\t\t\t\t\t<\/a>\n\t\t\t\t\t\t\t\t<\/div>\n\t\t\t\t<\/div>\n\t\t\t\t\t<\/div>\n\t\t\t\t<\/div>\n\t\t\t\t<\/div>","protected":false},"excerpt":{"rendered":"<p>Careers Join Mirela&#8217;s Dynamic environment Join the team at Mirela\u2019s Steakhouse &amp; Cigar Lounge, where elevated dining meets a refined, high-energy atmosphere. We\u2019re looking for passionate, detail-oriented individuals who take pride in delivering exceptional guest experiences. Whether on the floor or behind the scenes, every role contributes to the standard of excellence that defines us. [&hellip;]<\/p>\n","protected":false},"author":1,"featured_media":0,"parent":0,"menu_order":0,"comment_status":"closed","ping_status":"closed","template":"","meta":{"_coblocks_attr":"","_coblocks_dimensions":"","_coblocks_responsive_height":"","_coblocks_accordion_ie_support":"","_uag_custom_page_level_css":"","site-sidebar-layout":"no-sidebar","site-content-layout":"","ast-site-content-layout":"full-width-container","site-content-style":"default","site-sidebar-style":"default","ast-global-header-display":"","ast-banner-title-visibility":"","ast-main-header-display":"","ast-hfb-above-header-display":"","ast-hfb-below-header-display":"","ast-hfb-mobile-header-display":"","site-post-title":"","ast-breadcrumbs-content":"","ast-featured-img":"disabled","footer-sml-layout":"","ast-disable-related-posts":"","theme-transparent-header-meta":"disabled","adv-header-id-meta":"","stick-header-meta":"","header-above-stick-meta":"","header-main-stick-meta":"","header-below-stick-meta":"","astra-migrate-meta-layouts":"default","ast-page-background-enabled":"default","ast-page-background-meta":{"desktop":{"background-color":"var(--ast-global-color-4)","background-image":"","background-repeat":"repeat","background-position":"center center","background-size":"auto","background-attachment":"scroll","background-type":"","background-media":"","overlay-type":"","overlay-color":"","overlay-opacity":"","overlay-gradient":""},"tablet":{"background-color":"","background-image":"","background-repeat":"repeat","background-position":"center center","background-size":"auto","background-attachment":"scroll","background-type":"","background-media":"","overlay-type":"","overlay-color":"","overlay-opacity":"","overlay-gradient":""},"mobile":{"background-color":"","background-image":"","background-repeat":"repeat","background-position":"center center","background-size":"auto","background-attachment":"scroll","background-type":"","background-media":"","overlay-type":"","overlay-color":"","overlay-opacity":"","overlay-gradient":""}},"ast-content-background-meta":{"desktop":{"background-color":"var(--ast-global-color-5)","background-image":"","background-repeat":"repeat","background-position":"center center","background-size":"auto","background-attachment":"scroll","background-type":"","background-media":"","overlay-type":"","overlay-color":"","overlay-opacity":"","overlay-gradient":""},"tablet":{"background-color":"var(--ast-global-color-5)","background-image":"","background-repeat":"repeat","background-position":"center center","background-size":"auto","background-attachment":"scroll","background-type":"","background-media":"","overlay-type":"","overlay-color":"","overlay-opacity":"","overlay-gradient":""},"mobile":{"background-color":"var(--ast-global-color-5)","background-image":"","background-repeat":"repeat","background-position":"center center","background-size":"auto","background-attachment":"scroll","background-type":"","background-media":"","overlay-type":"","overlay-color":"","overlay-opacity":"","overlay-gradient":""}},"footnotes":""},"class_list":["post-2089","page","type-page","status-publish","hentry"],"yoast_head":"<!-- This site is optimized with the Yoast SEO plugin v27.6 - https:\/\/yoast.com\/product\/yoast-seo-wordpress\/ -->\n<title>Careers - Mirela&#039;s Steakhouse<\/title>\n<meta name=\"description\" content=\"Learn more about our mission and access our general reservation terms &amp; conditions.\" \/>\n<meta name=\"robots\" content=\"index, follow, max-snippet:-1, max-image-preview:large, max-video-preview:-1\" \/>\n<link rel=\"canonical\" href=\"https:\/\/mirelassteakhouse.ca\/fr\/careers\/\" \/>\n<meta property=\"og:locale\" content=\"fr_CA\" \/>\n<meta property=\"og:type\" content=\"article\" \/>\n<meta property=\"og:title\" content=\"Careers - Mirela&#039;s Steakhouse\" \/>\n<meta property=\"og:description\" content=\"Learn more about our mission and access our general reservation terms &amp; conditions.\" \/>\n<meta property=\"og:url\" content=\"https:\/\/mirelassteakhouse.ca\/fr\/careers\/\" \/>\n<meta property=\"og:site_name\" content=\"Mirela&#039;s Steakhouse\" \/>\n<meta property=\"article:publisher\" content=\"https:\/\/www.facebook.com\/mirelasrestaurant\/\" \/>\n<meta property=\"article:modified_time\" content=\"2026-05-06T00:12:49+00:00\" \/>\n<meta property=\"og:image\" content=\"https:\/\/mirelassteakhouse.ca\/wp-content\/uploads\/8-scaled.jpg\" \/>\n\t<meta property=\"og:image:width\" content=\"2560\" \/>\n\t<meta property=\"og:image:height\" content=\"1440\" \/>\n\t<meta property=\"og:image:type\" content=\"image\/jpeg\" \/>\n<meta name=\"twitter:card\" content=\"summary_large_image\" \/>\n<meta name=\"twitter:label1\" content=\"Estimation du temps de lecture\" \/>\n\t<meta name=\"twitter:data1\" content=\"1 minute\" \/>\n<script type=\"application\/ld+json\" class=\"yoast-schema-graph\">{\"@context\":\"https:\\\/\\\/schema.org\",\"@graph\":[{\"@type\":\"WebPage\",\"@id\":\"https:\\\/\\\/mirelassteakhouse.ca\\\/careers\\\/\",\"url\":\"https:\\\/\\\/mirelassteakhouse.ca\\\/careers\\\/\",\"name\":\"Careers - Mirela&#039;s Steakhouse\",\"isPartOf\":{\"@id\":\"https:\\\/\\\/mirelassteakhouse.ca\\\/#website\"},\"primaryImageOfPage\":{\"@id\":\"https:\\\/\\\/mirelassteakhouse.ca\\\/careers\\\/#primaryimage\"},\"image\":{\"@id\":\"https:\\\/\\\/mirelassteakhouse.ca\\\/careers\\\/#primaryimage\"},\"thumbnailUrl\":\"https:\\\/\\\/mirelassteakhouse.ca\\\/wp-content\\\/uploads\\\/8-scaled.jpg\",\"datePublished\":\"2026-05-05T23:23:45+00:00\",\"dateModified\":\"2026-05-06T00:12:49+00:00\",\"description\":\"Learn more about our mission and access our general reservation terms & conditions.\",\"breadcrumb\":{\"@id\":\"https:\\\/\\\/mirelassteakhouse.ca\\\/careers\\\/#breadcrumb\"},\"inLanguage\":\"fr-CA\",\"potentialAction\":[{\"@type\":\"ReadAction\",\"target\":[\"https:\\\/\\\/mirelassteakhouse.ca\\\/careers\\\/\"]}]},{\"@type\":\"ImageObject\",\"inLanguage\":\"fr-CA\",\"@id\":\"https:\\\/\\\/mirelassteakhouse.ca\\\/careers\\\/#primaryimage\",\"url\":\"https:\\\/\\\/mirelassteakhouse.ca\\\/wp-content\\\/uploads\\\/8-scaled.jpg\",\"contentUrl\":\"https:\\\/\\\/mirelassteakhouse.ca\\\/wp-content\\\/uploads\\\/8-scaled.jpg\"},{\"@type\":\"BreadcrumbList\",\"@id\":\"https:\\\/\\\/mirelassteakhouse.ca\\\/careers\\\/#breadcrumb\",\"itemListElement\":[{\"@type\":\"ListItem\",\"position\":1,\"name\":\"Home\",\"item\":\"https:\\\/\\\/mirelassteakhouse.ca\\\/\"},{\"@type\":\"ListItem\",\"position\":2,\"name\":\"Careers\"}]},{\"@type\":\"WebSite\",\"@id\":\"https:\\\/\\\/mirelassteakhouse.ca\\\/#website\",\"url\":\"https:\\\/\\\/mirelassteakhouse.ca\\\/\",\"name\":\"Mirela's Restaurant\",\"description\":\"Mirela&#039;s Steakhouse &amp; Cigar Lounge\",\"publisher\":{\"@id\":\"https:\\\/\\\/mirelassteakhouse.ca\\\/#organization\"},\"potentialAction\":[{\"@type\":\"SearchAction\",\"target\":{\"@type\":\"EntryPoint\",\"urlTemplate\":\"https:\\\/\\\/mirelassteakhouse.ca\\\/?s={search_term_string}\"},\"query-input\":{\"@type\":\"PropertyValueSpecification\",\"valueRequired\":true,\"valueName\":\"search_term_string\"}}],\"inLanguage\":\"fr-CA\"},{\"@type\":\"Organization\",\"@id\":\"https:\\\/\\\/mirelassteakhouse.ca\\\/#organization\",\"name\":\"Mirela's Restaurant\",\"url\":\"https:\\\/\\\/mirelassteakhouse.ca\\\/\",\"logo\":{\"@type\":\"ImageObject\",\"inLanguage\":\"fr-CA\",\"@id\":\"https:\\\/\\\/mirelassteakhouse.ca\\\/#\\\/schema\\\/logo\\\/image\\\/\",\"url\":\"https:\\\/\\\/mirelassteakhouse.ca\\\/wp-content\\\/uploads\\\/Untitled-15.png\",\"contentUrl\":\"https:\\\/\\\/mirelassteakhouse.ca\\\/wp-content\\\/uploads\\\/Untitled-15.png\",\"width\":236,\"height\":76,\"caption\":\"Mirela's Restaurant\"},\"image\":{\"@id\":\"https:\\\/\\\/mirelassteakhouse.ca\\\/#\\\/schema\\\/logo\\\/image\\\/\"},\"sameAs\":[\"https:\\\/\\\/www.facebook.com\\\/mirelasrestaurant\\\/\",\"https:\\\/\\\/www.instagram.com\\\/mirelas_restaurant\\\/\"]}]}<\/script>\n<!-- \/ Yoast SEO plugin. -->","yoast_head_json":{"title":"Careers - Mirela&#039;s Steakhouse","description":"Learn more about our mission and access our general reservation terms & conditions.","robots":{"index":"index","follow":"follow","max-snippet":"max-snippet:-1","max-image-preview":"max-image-preview:large","max-video-preview":"max-video-preview:-1"},"canonical":"https:\/\/mirelassteakhouse.ca\/fr\/careers\/","og_locale":"fr_CA","og_type":"article","og_title":"Careers - Mirela&#039;s Steakhouse","og_description":"Learn more about our mission and access our general reservation terms & conditions.","og_url":"https:\/\/mirelassteakhouse.ca\/fr\/careers\/","og_site_name":"Mirela&#039;s Steakhouse","article_publisher":"https:\/\/www.facebook.com\/mirelasrestaurant\/","article_modified_time":"2026-05-06T00:12:49+00:00","og_image":[{"width":2560,"height":1440,"url":"https:\/\/mirelassteakhouse.ca\/wp-content\/uploads\/8-scaled.jpg","type":"image\/jpeg"}],"twitter_card":"summary_large_image","twitter_misc":{"Estimation du temps de lecture":"1 minute"},"schema":{"@context":"https:\/\/schema.org","@graph":[{"@type":"WebPage","@id":"https:\/\/mirelassteakhouse.ca\/careers\/","url":"https:\/\/mirelassteakhouse.ca\/careers\/","name":"Careers - Mirela&#039;s Steakhouse","isPartOf":{"@id":"https:\/\/mirelassteakhouse.ca\/#website"},"primaryImageOfPage":{"@id":"https:\/\/mirelassteakhouse.ca\/careers\/#primaryimage"},"image":{"@id":"https:\/\/mirelassteakhouse.ca\/careers\/#primaryimage"},"thumbnailUrl":"https:\/\/mirelassteakhouse.ca\/wp-content\/uploads\/8-scaled.jpg","datePublished":"2026-05-05T23:23:45+00:00","dateModified":"2026-05-06T00:12:49+00:00","description":"Learn more about our mission and access our general reservation terms & conditions.","breadcrumb":{"@id":"https:\/\/mirelassteakhouse.ca\/careers\/#breadcrumb"},"inLanguage":"fr-CA","potentialAction":[{"@type":"ReadAction","target":["https:\/\/mirelassteakhouse.ca\/careers\/"]}]},{"@type":"ImageObject","inLanguage":"fr-CA","@id":"https:\/\/mirelassteakhouse.ca\/careers\/#primaryimage","url":"https:\/\/mirelassteakhouse.ca\/wp-content\/uploads\/8-scaled.jpg","contentUrl":"https:\/\/mirelassteakhouse.ca\/wp-content\/uploads\/8-scaled.jpg"},{"@type":"BreadcrumbList","@id":"https:\/\/mirelassteakhouse.ca\/careers\/#breadcrumb","itemListElement":[{"@type":"ListItem","position":1,"name":"Home","item":"https:\/\/mirelassteakhouse.ca\/"},{"@type":"ListItem","position":2,"name":"Careers"}]},{"@type":"WebSite","@id":"https:\/\/mirelassteakhouse.ca\/#website","url":"https:\/\/mirelassteakhouse.ca\/","name":"Mirela's Restaurant","description":"Mirela&#039;s Steakhouse &amp; Cigar Lounge","publisher":{"@id":"https:\/\/mirelassteakhouse.ca\/#organization"},"potentialAction":[{"@type":"SearchAction","target":{"@type":"EntryPoint","urlTemplate":"https:\/\/mirelassteakhouse.ca\/?s={search_term_string}"},"query-input":{"@type":"PropertyValueSpecification","valueRequired":true,"valueName":"search_term_string"}}],"inLanguage":"fr-CA"},{"@type":"Organization","@id":"https:\/\/mirelassteakhouse.ca\/#organization","name":"Mirela's Restaurant","url":"https:\/\/mirelassteakhouse.ca\/","logo":{"@type":"ImageObject","inLanguage":"fr-CA","@id":"https:\/\/mirelassteakhouse.ca\/#\/schema\/logo\/image\/","url":"https:\/\/mirelassteakhouse.ca\/wp-content\/uploads\/Untitled-15.png","contentUrl":"https:\/\/mirelassteakhouse.ca\/wp-content\/uploads\/Untitled-15.png","width":236,"height":76,"caption":"Mirela's Restaurant"},"image":{"@id":"https:\/\/mirelassteakhouse.ca\/#\/schema\/logo\/image\/"},"sameAs":["https:\/\/www.facebook.com\/mirelasrestaurant\/","https:\/\/www.instagram.com\/mirelas_restaurant\/"]}]}},"uagb_featured_image_src":{"full":false,"thumbnail":false,"medium":false,"medium_large":false,"large":false,"1536x1536":false,"2048x2048":false,"trp-custom-language-flag":false},"uagb_author_info":{"display_name":"MirelasRestaurant","author_link":"https:\/\/mirelassteakhouse.ca\/fr\/author\/299316pwpadmin\/"},"uagb_comment_info":0,"uagb_excerpt":"Careers Join Mirela&#8217;s Dynamic environment Join the team at Mirela\u2019s Steakhouse &amp; Cigar Lounge, where elevated dining meets a refined, high-energy atmosphere. We\u2019re looking for passionate, detail-oriented individuals who take pride in delivering exceptional guest experiences. Whether on the floor or behind the scenes, every role contributes to the standard of excellence that defines us.&hellip;","_links":{"self":[{"href":"https:\/\/mirelassteakhouse.ca\/fr\/wp-json\/wp\/v2\/pages\/2089","targetHints":{"allow":["GET"]}}],"collection":[{"href":"https:\/\/mirelassteakhouse.ca\/fr\/wp-json\/wp\/v2\/pages"}],"about":[{"href":"https:\/\/mirelassteakhouse.ca\/fr\/wp-json\/wp\/v2\/types\/page"}],"author":[{"embeddable":true,"href":"https:\/\/mirelassteakhouse.ca\/fr\/wp-json\/wp\/v2\/users\/1"}],"replies":[{"embeddable":true,"href":"https:\/\/mirelassteakhouse.ca\/fr\/wp-json\/wp\/v2\/comments?post=2089"}],"version-history":[{"count":10,"href":"https:\/\/mirelassteakhouse.ca\/fr\/wp-json\/wp\/v2\/pages\/2089\/revisions"}],"predecessor-version":[{"id":2104,"href":"https:\/\/mirelassteakhouse.ca\/fr\/wp-json\/wp\/v2\/pages\/2089\/revisions\/2104"}],"wp:attachment":[{"href":"https:\/\/mirelassteakhouse.ca\/fr\/wp-json\/wp\/v2\/media?parent=2089"}],"curies":[{"name":"wp","href":"https:\/\/api.w.org\/{rel}","templated":true}]}}